{"id":1743,"date":"2024-06-26T04:20:08","date_gmt":"2024-06-26T04:20:08","guid":{"rendered":"https:\/\/fecon.uii.ac.id\/pmd\/?page_id=1743"},"modified":"2024-06-26T04:20:42","modified_gmt":"2024-06-26T04:20:42","slug":"beritapmd","status":"publish","type":"page","link":"https:\/\/fecon.uii.ac.id\/pmd\/beritapmd\/","title":{"rendered":"Berita Program Magister Doktor"},"content":{"rendered":"<section  class='av_textblock_section av-lxvbtzlg-89ec0795b339fa29a856f444fce46cfb '   itemscope=\"itemscope\" itemtype=\"https:\/\/schema.org\/CreativeWork\" ><div class='avia_textblock'  itemprop=\"text\" ><h1>BERITA PROGRAM MAGISTER DOKTOR<\/h1>\n<\/div><\/section>\n<div  class='flex_column av-av_four_fifth-a93934ecd89fbb8a9566d39e89cd3725 av_four_fifth  avia-builder-el-1  el_after_av_textblock  avia-builder-el-last  first flex_column_div  column-top-margin'     ><div  class='av-alb-blogposts template-blog  av-blog-meta-comments-disabled av-blog-meta-category-disabled av-blog-meta-html-info-disabled av-blog-meta-tag-disabled '  itemscope=\"itemscope\" itemtype=\"https:\/\/schema.org\/Blog\" ><article class=\"post-entry post-entry-type-standard post-entry-1979 post-loop-1 post-parity-odd single-big with-slider post-1979 post type-post status-publish format-standard has-post-thumbnail hentry category-berita-2\"  itemscope=\"itemscope\" itemtype=\"https:\/\/schema.org\/BlogPosting\" ><div class=\"blog-meta\"><\/div><div class='entry-content-wrapper clearfix standard-content'><header class=\"entry-content-header\" aria-label=\"Post: Magister Manajemen (MM) FBE UII Membuka Konsentrasi  Baru Sustainability Management tahun 2025\"><div class=\"av-heading-wrapper\"><span class=\"blog-categories minor-meta\"><a href=\"https:\/\/fecon.uii.ac.id\/pmd\/category\/berita-2\/\" rel=\"tag\">Berita<\/a><\/span><h2 class='post-title entry-title '  itemprop=\"headline\" ><a href=\"https:\/\/fecon.uii.ac.id\/pmd\/2024\/12\/13\/konsentrasi-baru-sustainability-management\/\" rel=\"bookmark\" title=\"Permanent Link: Magister Manajemen (MM) FBE UII Membuka Konsentrasi  Baru Sustainability Management tahun 2025\">Magister Manajemen (MM) FBE UII Membuka Konsentrasi  Baru Sustainability Management tahun 2025<span class=\"post-format-icon minor-meta\"><\/span><\/a><\/h2><\/div><\/header><span class=\"av-vertical-delimiter\"><\/span><div class=\"big-preview single-big\"  itemprop=\"image\" itemscope=\"itemscope\" itemtype=\"https:\/\/schema.org\/ImageObject\" ><a href=\"https:\/\/fecon.uii.ac.id\/pmd\/2024\/12\/13\/konsentrasi-baru-sustainability-management\/\"  title=\"Konsentrasi Baru - Sustainability Management\" ><img loading=\"lazy\" loading=\"lazy\" decoding=\"async\" loading=\"lazy\" width=\"1210\" height=\"423\" src=\"https:\/\/fecon.uii.ac.id\/pmd\/wp-content\/uploads\/sites\/4\/2024\/12\/freepik__do-not-add-any-logo__50792-1210x423.png\" class=\"wp-image-1964 avia-img-lazy-loading-1964 attachment-entry_without_sidebar size-entry_without_sidebar wp-post-image\" alt=\"Konsentrasi Baru - Sustainability Management\" \/><\/a><\/div><div class=\"entry-content\"  itemprop=\"text\" ><p>Magister Manajemen Fakultas Bisnis dan Ekonomika Universitas Islam Indonesia meluncurkan konsentrasi baru yaitu Sustainability Management yang akan dibuka pada bulan Maret 2025. Sebagai bentuk kepedulian terhadap kelestarian lingkungan dan ekosistem, MM UII berkomitment untuk mencetak para tenaga profesional yang memiliki kepedulian terhadap kelestarian dan pembangunan lingkungan berkelanjutan.<\/p>\n<p>Pembukaan konsentrasi ini tidak lepas dari dukungan dan kolaborasi antara MM UII dengan Erasmus+Masudem (Master Studies In Sustainable Development and Management) yang sudah berjalan sejak 2023.Sedangkan anggota konsorsium MASUDEM meliputi University of Economics in Bratislava (Bratislava, Slovakia), Universidad Pablo de Olavide (Sevilla, Spain), E\u00f6tv\u00f6s Lor\u00e1nd University (Budapest, Hungary), Ob\u010dianske zdru\u017eenie No Gravity (Bratislava, Slovakia), Mendel University in Brno (Brno, Czech Republic), International College of National Institute of Development Administration (Bangkok, Thailand), Srinakharinwirot University (Bangkok, Thailand), Naresuan University (Phitsanulok, Thailand), Universitas Gadjah Mada (Yogyakarta, Indonesia), Trisakti University (Jakarta, Indonesia) dan Universitas Islam Indonesia (Yogyakarta, Indonesia).<br \/>\nFakultas Bisnis dan Ekonomika Universitas Islam Indonesia (FBE UII) menjadi bagian dari Konsorsium Eramus+ MASUDEM di bawah koordinasi Universitas Ekonomi di Bratislava (Slovakia). Proyek ini berdurasi selama 3 tahun mulai 2023 s.d. 2025. Kick-off proyek ini telah dilaksanakan pada tanggal 15 Februari hingga 17 Februari 2023 di Bratislava, Slovakia.<br \/>\nFokus dari proyek ini adalah untuk mempromosikan pertumbuhan berkelanjutan dan kesepakatan hijau. FBE UII melalui Prodi Magister Manajemen (MM-UII) segera membuka konsentrasi Sustainability melalui kerjasama konsorsium Erasmus+ MASUDEM ini.<\/p>\n<p>Program ini akan ditunjang melalui pengembangan modul program studi\/ kurikulum yang relevan, pengajaran mata kuliah yang terkait dengan sustainability, dan pengembangan kapasitas akademisi anggota konsursium universitas mitra. Lebih dari itu, program ini akan dikembangkan untuk mendukung peningkatan kualitas dan layanan studi mahasiswa Program Magister Manajemen.<br \/>\nMelalui proyek ini diharapkan pembangunan ekonomi dan sosial di kawasan Asia Tenggara akan mengadopsi konsep sustainability, yaitu pembangunan yang memiliki dampak yang berkelanjutan.<\/p>\n<\/div><span class=\"post-meta-infos\"><time class=\"date-container minor-meta updated\"  itemprop=\"datePublished\" datetime=\"2024-12-13T09:47:00+00:00\" >December 13, 2024<\/time><span class=\"text-sep\">\/<\/span><span class=\"blog-author minor-meta\">by <span class=\"entry-author-link\"  itemprop=\"author\" ><span class=\"author\"><span class=\"fn\"><a href=\"https:\/\/fecon.uii.ac.id\/pmd\/author\/anwar\/\" title=\"Posts by anwar\" rel=\"author\">anwar<\/a><\/span><\/span><\/span><\/span><\/span><footer class=\"entry-footer\"><\/footer><div class='post_delimiter'><\/div><\/div><div class=\"post_author_timeline\"><\/div><span class='hidden'>\n\t\t\t\t<span class='av-structured-data'  itemprop=\"image\" itemscope=\"itemscope\" itemtype=\"https:\/\/schema.org\/ImageObject\" >\n\t\t\t\t\t\t<span itemprop='url'>https:\/\/fecon.uii.ac.id\/pmd\/wp-content\/uploads\/sites\/4\/2024\/12\/freepik__do-not-add-any-logo__50792.png<\/span>\n\t\t\t\t\t\t<span itemprop='height'>768<\/span>\n\t\t\t\t\t\t<span itemprop='width'>1344<\/span>\n\t\t\t\t<\/span>\n\t\t\t\t<span class='av-structured-data'  itemprop=\"publisher\" itemtype=\"https:\/\/schema.org\/Organization\" itemscope=\"itemscope\" >\n\t\t\t\t\t\t<span itemprop='name'>anwar<\/span>\n\t\t\t\t\t\t<span itemprop='logo' itemscope itemtype='https:\/\/schema.org\/ImageObject'>\n\t\t\t\t\t\t\t<span itemprop='url'>https:\/\/fecon.uii.ac.id\/pmd\/wp-content\/uploads\/sites\/4\/2025\/10\/logo-header.png<\/span>\n\t\t\t\t\t\t<\/span>\n\t\t\t\t<\/span><span class='av-structured-data'  itemprop=\"author\" itemscope=\"itemscope\" itemtype=\"https:\/\/schema.org\/Person\" ><span itemprop='name'>anwar<\/span><\/span><span class='av-structured-data'  itemprop=\"datePublished\" datetime=\"2024-12-13T09:47:00+00:00\" >2024-12-13 09:47:00<\/span><span class='av-structured-data'  itemprop=\"dateModified\" itemtype=\"https:\/\/schema.org\/dateModified\" >2024-12-13 09:47:00<\/span><span class='av-structured-data'  itemprop=\"mainEntityOfPage\" itemtype=\"https:\/\/schema.org\/mainEntityOfPage\" ><span itemprop='name'>Magister Manajemen (MM) FBE UII Membuka Konsentrasi  Baru Sustainability Management tahun 2025<\/span><\/span><\/span><\/article><article class=\"post-entry post-entry-type-standard post-entry-1488 post-loop-2 post-parity-even single-big with-slider post-1488 post type-post status-publish format-standard has-post-thumbnail hentry category-berita-2\"  itemscope=\"itemscope\" itemtype=\"https:\/\/schema.org\/BlogPosting\" ><div class=\"blog-meta\"><\/div><div class='entry-content-wrapper clearfix standard-content'><header class=\"entry-content-header\" aria-label=\"Post: Pengabdian Sosial Sebagai Salah Satu Cara Mempererat Silaturahmi\"><div class=\"av-heading-wrapper\"><span class=\"blog-categories minor-meta\"><a href=\"https:\/\/fecon.uii.ac.id\/pmd\/category\/berita-2\/\" rel=\"tag\">Berita<\/a><\/span><h2 class='post-title entry-title '  itemprop=\"headline\" ><a href=\"https:\/\/fecon.uii.ac.id\/pmd\/2021\/02\/16\/pengabdian-sosial-sebagai-salah-satu-cara-mempererat-silaturahmi\/\" rel=\"bookmark\" title=\"Permanent Link: Pengabdian Sosial Sebagai Salah Satu Cara Mempererat Silaturahmi\">Pengabdian Sosial Sebagai Salah Satu Cara Mempererat Silaturahmi<span class=\"post-format-icon minor-meta\"><\/span><\/a><\/h2><\/div><\/header><span class=\"av-vertical-delimiter\"><\/span><div class=\"big-preview single-big\"  itemprop=\"image\" itemscope=\"itemscope\" itemtype=\"https:\/\/schema.org\/ImageObject\" ><a href=\"https:\/\/fecon.uii.ac.id\/pmd\/2021\/02\/16\/pengabdian-sosial-sebagai-salah-satu-cara-mempererat-silaturahmi\/\"  title=\"BAKSOS\" ><img loading=\"lazy\" loading=\"lazy\" decoding=\"async\" loading=\"lazy\" width=\"700\" height=\"400\" src=\"https:\/\/fecon.uii.ac.id\/pmd\/wp-content\/uploads\/sites\/4\/2021\/02\/BAKSOS.jpg\" class=\"wp-image-1489 avia-img-lazy-loading-1489 attachment-entry_without_sidebar size-entry_without_sidebar wp-post-image\" alt=\"\" srcset=\"https:\/\/fecon.uii.ac.id\/pmd\/wp-content\/uploads\/sites\/4\/2021\/02\/BAKSOS.jpg 700w, https:\/\/fecon.uii.ac.id\/pmd\/wp-content\/uploads\/sites\/4\/2021\/02\/BAKSOS-300x171.jpg 300w\" sizes=\"auto, (max-width: 700px) 100vw, 700px\" \/><\/a><\/div><div class=\"entry-content\"  itemprop=\"text\" ><p><img fetchpriority=\"high\" fetchpriority=\"high\" fetchpriority=\"high\" decoding=\"async\" class=\"aligncenter wp-image-1489 size-full\" src=\"https:\/\/fecon.uii.ac.id\/pmd\/wp-content\/uploads\/sites\/4\/2021\/02\/BAKSOS.jpg\" alt=\"\" width=\"700\" height=\"400\" srcset=\"https:\/\/fecon.uii.ac.id\/pmd\/wp-content\/uploads\/sites\/4\/2021\/02\/BAKSOS.jpg 700w, https:\/\/fecon.uii.ac.id\/pmd\/wp-content\/uploads\/sites\/4\/2021\/02\/BAKSOS-300x171.jpg 300w\" sizes=\"(max-width: 700px) 100vw, 700px\" \/>Era pandemi Covid-19 yang tak berujung semakin menjadikan banyak golongan masyarakat terdampak. Akibat dari pandemi mempengaruhi masyarakat secara ekonomi, sosial, dan budaya. Allah SWT menciptakan manusia yang beragam untuk dapat membantu dan bermanfaat bagi manusia lain. \u201cSebaik-baik manusia adalah yang paling bermanfaat bagi manusia\u201d (HR. Ahmad, ath-Thabrani, ad-Daruqutni). Pengabdian sosial kepada masyarakat merupakan salah satu tindakan untuk membantu golongan masyarakat yang terdampak pandemi sekarang ini. Bantuan secara sosial untuk meringankan beban manusia lain merupakan tindakan yang mulia. Pengabdian masyarakat dapat dilakukan dengan berbagai kegiatan positif. Dengan melakukan kegiatan positif, diharapkan pengabdian masyarakat menjadi awal proses menyambung tali silaturahmi dan menambah jumlah saudara. Mahasiswa memiliki peran penting dalam kehidupan sosial bermasyarakat, penting untuk dapat bersosialisasi secara aktif dengan harapan mengetahui lebih mendalam tentang kebutuhan sebenarnya dari masyarakat.<\/p>\n<p>Umumnya, pengabdian masyarakat menjadi program yang dirancang oleh universitas untuk dapat memberikan dampak dan kontribusi positif secara nyata bagi masyarakat bangsa Indonesia. Universitas tidak hanya sebagai sarana pembelajaran, tetapi dapat mengembangkan kesejahteraan dan kemajuan masyarakat. Sebagai bagian dari salah satu Tri Dharma Perguruan Tinggi, pengabdian menjadi tanggung jawab yang perlu dilaksanakan secara efektif. \u201cTerdapat 4 kegiatan penting bagi Universitas Islam Indonesia, pertama adalah kegiatan pendidikan dan pengajaran, yang kedua kegiatan penelitian, ketiga pengabdian masyarakat, dan terakhir dakwah islamiah,\u201d ujar Dwipraptono Agus Hardjito, Dr., M.Si.<\/p>\n<p>Selasa, 22 Desember 2020, Program Studi Magister dan Doktor (PMD) Fakultas Bisnis dan Ekonomika (FBE UII) menggelar kegiatan pengabdian sosial kepada masyarakat. Program studi meliputi Program Doktor Ilmu Ekonomi, Magister Akuntansi, Magister Ekonomi dan Keuangan, dan Magister Manajemen. Selain pendidikan dan perkuliahan, kegiatan pengabdian ini merupakan salah satu program rutin yang diselenggarakan.\u00a0 Kegiatan pengabdian sosial masyarakat berlokasi di Desa Sendangarum, Kecamatan Minggir, Kabupaten Sleman, Yogyakarta. Dengan koordinator oleh Umi Sulistiyanti, SE., M.Acc, Ak. selaku dosen Program Akuntansi. Meskipun pandemi masih berlangsung, ini tidak menjadi penghambat dalam melakukan pengabdian terhadap masyarakat. Program Studi Magister dan Doktor berupaya agar kegiatan dapat terbangun secara optimal dan tetap melakukan pembatasan kerumunan dan dengan tetap memperhatikan protokol kesehatan.<\/p>\n<p>Dalam sambutannya, Dwipraptono Agus Hardjito, Dr., M.Si. selaku dosen Program Manajemen memaparkan bahwa selain melakukan kegiatan pengabdian masyarakat, kegiatan ini juga tentu melakukan dakwah islami, tujuan utama kegiatan ini adalah bersilaturahmi yang merupakan ibadah yang sangat mulia, mudah dan membawa berkah. Hasil yang diharapkan dengan adanya pengabdian kepada masyarakat dapat memupuk sebuah kecintaan terhadap sesama manusia. Tentu dikala pandemi seperti sekarang ini, peran gotong royong sangat diperlukan. Salah satu ciri khas yang melekat pada masyarakat Indonesia dan tidak dapat dihilangkan yaitu semangat gotong royong dalam membantu sesama. (KYK\/AAP)<\/p>\n<\/div><span class=\"post-meta-infos\"><time class=\"date-container minor-meta updated\"  itemprop=\"datePublished\" datetime=\"2021-02-16T05:49:48+00:00\" >February 16, 2021<\/time><span class=\"text-sep\">\/<\/span><span class=\"blog-author minor-meta\">by <span class=\"entry-author-link\"  itemprop=\"author\" ><span class=\"author\"><span class=\"fn\"><a href=\"https:\/\/fecon.uii.ac.id\/pmd\/author\/baziedy\/\" title=\"Posts by Baziedy Aditya Darmawan\" rel=\"author\">Baziedy Aditya Darmawan<\/a><\/span><\/span><\/span><\/span><\/span><footer class=\"entry-footer\"><\/footer><div class='post_delimiter'><\/div><\/div><div class=\"post_author_timeline\"><\/div><span class='hidden'>\n\t\t\t\t<span class='av-structured-data'  itemprop=\"image\" itemscope=\"itemscope\" itemtype=\"https:\/\/schema.org\/ImageObject\" >\n\t\t\t\t\t\t<span itemprop='url'>https:\/\/fecon.uii.ac.id\/pmd\/wp-content\/uploads\/sites\/4\/2021\/02\/BAKSOS.jpg<\/span>\n\t\t\t\t\t\t<span itemprop='height'>400<\/span>\n\t\t\t\t\t\t<span itemprop='width'>700<\/span>\n\t\t\t\t<\/span>\n\t\t\t\t<span class='av-structured-data'  itemprop=\"publisher\" itemtype=\"https:\/\/schema.org\/Organization\" itemscope=\"itemscope\" >\n\t\t\t\t\t\t<span itemprop='name'>Baziedy Aditya Darmawan<\/span>\n\t\t\t\t\t\t<span itemprop='logo' itemscope itemtype='https:\/\/schema.org\/ImageObject'>\n\t\t\t\t\t\t\t<span itemprop='url'>https:\/\/fecon.uii.ac.id\/pmd\/wp-content\/uploads\/sites\/4\/2025\/10\/logo-header.png<\/span>\n\t\t\t\t\t\t<\/span>\n\t\t\t\t<\/span><span class='av-structured-data'  itemprop=\"author\" itemscope=\"itemscope\" itemtype=\"https:\/\/schema.org\/Person\" ><span itemprop='name'>Baziedy Aditya Darmawan<\/span><\/span><span class='av-structured-data'  itemprop=\"datePublished\" datetime=\"2021-02-16T05:49:48+00:00\" >2021-02-16 05:49:48<\/span><span class='av-structured-data'  itemprop=\"dateModified\" itemtype=\"https:\/\/schema.org\/dateModified\" >2021-02-16 05:49:48<\/span><span class='av-structured-data'  itemprop=\"mainEntityOfPage\" itemtype=\"https:\/\/schema.org\/mainEntityOfPage\" ><span itemprop='name'>Pengabdian Sosial Sebagai Salah Satu Cara Mempererat Silaturahmi<\/span><\/span><\/span><\/article><article class=\"post-entry post-entry-type-standard post-entry-1484 post-loop-3 post-parity-odd post-entry-last single-big with-slider post-1484 post type-post status-publish format-standard has-post-thumbnail hentry category-berita-2\"  itemscope=\"itemscope\" itemtype=\"https:\/\/schema.org\/BlogPosting\" ><div class=\"blog-meta\"><\/div><div class='entry-content-wrapper clearfix standard-content'><header class=\"entry-content-header\" aria-label=\"Post: Pelatihan Penulisan Artikel Ilmiah sebagai Bekal Mahasiswa Program Magister dan Doktor FBE UII\"><div class=\"av-heading-wrapper\"><span class=\"blog-categories minor-meta\"><a href=\"https:\/\/fecon.uii.ac.id\/pmd\/category\/berita-2\/\" rel=\"tag\">Berita<\/a><\/span><h2 class='post-title entry-title '  itemprop=\"headline\" ><a href=\"https:\/\/fecon.uii.ac.id\/pmd\/2021\/02\/16\/pelatihan-penulisan-artikel-ilmiah-sebagai-bekal-mahasiswa-program-magister-dan-doktor-fbe-uii\/\" rel=\"bookmark\" title=\"Permanent Link: Pelatihan Penulisan Artikel Ilmiah sebagai Bekal Mahasiswa Program Magister dan Doktor FBE UII\">Pelatihan Penulisan Artikel Ilmiah sebagai Bekal Mahasiswa Program Magister dan Doktor FBE UII<span class=\"post-format-icon minor-meta\"><\/span><\/a><\/h2><\/div><\/header><span class=\"av-vertical-delimiter\"><\/span><div class=\"big-preview single-big\"  itemprop=\"image\" itemscope=\"itemscope\" itemtype=\"https:\/\/schema.org\/ImageObject\" ><a href=\"https:\/\/fecon.uii.ac.id\/pmd\/2021\/02\/16\/pelatihan-penulisan-artikel-ilmiah-sebagai-bekal-mahasiswa-program-magister-dan-doktor-fbe-uii\/\"  title=\"Close-up of man writing plans in notebook at his workplace\" ><img loading=\"lazy\" loading=\"lazy\" decoding=\"async\" loading=\"lazy\" width=\"700\" height=\"400\" src=\"https:\/\/fecon.uii.ac.id\/pmd\/wp-content\/uploads\/sites\/4\/2021\/02\/Pelatihan-Penulisan-Artikel-Ilmiah-sebagai-Bekal-Mahasiswa-Program-Magister-dan-Doktor-FBE-UII.jpg\" class=\"wp-image-1485 avia-img-lazy-loading-1485 attachment-entry_without_sidebar size-entry_without_sidebar wp-post-image\" alt=\"\" srcset=\"https:\/\/fecon.uii.ac.id\/pmd\/wp-content\/uploads\/sites\/4\/2021\/02\/Pelatihan-Penulisan-Artikel-Ilmiah-sebagai-Bekal-Mahasiswa-Program-Magister-dan-Doktor-FBE-UII.jpg 700w, https:\/\/fecon.uii.ac.id\/pmd\/wp-content\/uploads\/sites\/4\/2021\/02\/Pelatihan-Penulisan-Artikel-Ilmiah-sebagai-Bekal-Mahasiswa-Program-Magister-dan-Doktor-FBE-UII-300x171.jpg 300w\" sizes=\"auto, (max-width: 700px) 100vw, 700px\" \/><\/a><\/div><div class=\"entry-content\"  itemprop=\"text\" ><p><img decoding=\"async\" class=\"wp-image-1485 size-full\" src=\"https:\/\/fecon.uii.ac.id\/pmd\/wp-content\/uploads\/sites\/4\/2021\/02\/Pelatihan-Penulisan-Artikel-Ilmiah-sebagai-Bekal-Mahasiswa-Program-Magister-dan-Doktor-FBE-UII.jpg\" alt=\"\" width=\"700\" height=\"400\" srcset=\"https:\/\/fecon.uii.ac.id\/pmd\/wp-content\/uploads\/sites\/4\/2021\/02\/Pelatihan-Penulisan-Artikel-Ilmiah-sebagai-Bekal-Mahasiswa-Program-Magister-dan-Doktor-FBE-UII.jpg 700w, https:\/\/fecon.uii.ac.id\/pmd\/wp-content\/uploads\/sites\/4\/2021\/02\/Pelatihan-Penulisan-Artikel-Ilmiah-sebagai-Bekal-Mahasiswa-Program-Magister-dan-Doktor-FBE-UII-300x171.jpg 300w\" sizes=\"(max-width: 700px) 100vw, 700px\" \/><\/p>\n<p><span style=\"font-size: 16px;\">Program Studi Magister dan Doktor Fakultas Bisnis dan Ekonomika Universitas Islam Indonesia (FBE UII) menyelenggarakan webinar terkait Penulisan Artikel Ilmiah Program Magister dan Doktor Fakultas Bisnis dan Ekonomika UII melalui kanal Zoom. Webinar kali ini diselenggarakan pada Rabu (9\/12). Menghadirkan Prof. Dr. Abdul Ghafar Ismail dari Universiti Islam Malaysia dan Prof. Dr. Jaka Sriyana dari Universitas Islam Indonesia serta Drs. Achmad Tohirin M.A. sebagai pembicara.<\/span><\/p>\n<p>Dalam sambutannya, Drs. Achmad Tohirin M.A. menyampaikan bahwa tujuan pelaksanaan webinar kali ini tidak lain yaitu untuk memfasilitasi mahasiswa agar dapat menjadi\u00a0<em>scholar<\/em>\u00a0yang memiliki bahasa tersendiri dalam hal komunikasi tulisan. Salah satunya adalah artikel ilmiah , sehingga mahasiswa program Magister dan Doktor Fakultas Bisnis dan Ekonomika UII mampu menguasainya dengan baik.<\/p>\n<p>Dalam penyampaian materi oleh Prof. Dr. Abdul Ghafar Ismail, beliau menjelaskan terkait metode\u00a0<em>Systematic Literature Review (SLR)<\/em><i>.\u00a0<\/i>\u201cMetode\u00a0SLR digunakan untuk mengidentifikasi, mengkaji, mengevaluasi, dan menafsirkan semua penelitian yang tersedia dengan bidang topik fenomena yang menarik, dengan pertanyaan penelitian tertentu yang relevan,\u201d ujar Abdul Ghafar Ismail.<\/p>\n<p>Menurut Abdul Ghafar Ismail, terdapat lima kriteria penilaian literatur. Diantaranya yaitu\u00a0<em>Theory, Methodology and Methods, Analysis, Relevance,\u00a0<\/em>dan<em>\u00a0Contribution<\/em><i>.\u00a0<\/i>Setiap kriteria memiliki penilaian yang berbeda,\u00a0<em>Theory<\/em>\u00a0didasarkan pada\u00a0<em>literature review<\/em>\u00a0yang baik,\u00a0<em>Methodology and Methods\u00a0<\/em>didasarkan pada penjelasan yang jelas dan\u00a0<i>record<\/i>\u00a0yang baik untuk Audit Trail,\u00a0<em>Analysis<\/em>\u00a0didasarkan pada sampel data yang memadai dan mendukung argumen dengan baik,\u00a0<em>Relevance\u00a0<\/em>didasarkan pada integrasi temuan, teori, dan metode. Serta yang terakhir adalah\u00a0<em>Contribution\u00a0<\/em>yang berdasarkan pada kontribusi yang baik terhadap\u00a0<em>Body of Knowledge<\/em><i>.<\/i><\/p>\n<p>\u201cJangan mengubah fokus<em>\u00a0review\u00a0<\/em>anda hanya karena anda menemukan beberapa\u00a0<em>paper\u00a0<\/em>yang dinilai sangat berguna dan menarik di area fokus alternatif. Tetap fokus dan pertahankan fokus anda, sehingga anda tidak terdistraksi oleh hal-hal yang dianggap menarik, tetapi periferal, \u201d ucapnya membagikan strategi.<\/p>\n<p>Senada dengan hal tersebut, Prof. Dr. Jaka Sriyana juga memaparkan beberapa hal terkait klasifikasi jurnal ilmiah, penyiapan manuskrip, struktur artikel ilmiah, etika penulisan karya ilmiah dan publikasi, serta rambu-rambu dalam artikel ilmiah.<\/p>\n<p>Dengan diselenggarakannya webinar pelatihan penulisan artikel ilmiah ini, diharapkan mampu membantu mahasiswa program Magister dan Doktor untuk menguasai keterampilan dalam menulis artikel ilmiah serta publikasi jurnal. (NFF\/MRF )<\/p>\n<\/div><span class=\"post-meta-infos\"><time class=\"date-container minor-meta updated\"  itemprop=\"datePublished\" datetime=\"2021-02-16T05:43:29+00:00\" >February 16, 2021<\/time><span class=\"text-sep\">\/<\/span><span class=\"blog-author minor-meta\">by <span class=\"entry-author-link\"  itemprop=\"author\" ><span class=\"author\"><span class=\"fn\"><a href=\"https:\/\/fecon.uii.ac.id\/pmd\/author\/baziedy\/\" title=\"Posts by Baziedy Aditya Darmawan\" rel=\"author\">Baziedy Aditya Darmawan<\/a><\/span><\/span><\/span><\/span><\/span><footer class=\"entry-footer\"><\/footer><div class='post_delimiter'><\/div><\/div><div class=\"post_author_timeline\"><\/div><span class='hidden'>\n\t\t\t\t<span class='av-structured-data'  itemprop=\"image\" itemscope=\"itemscope\" itemtype=\"https:\/\/schema.org\/ImageObject\" >\n\t\t\t\t\t\t<span itemprop='url'>https:\/\/fecon.uii.ac.id\/pmd\/wp-content\/uploads\/sites\/4\/2021\/02\/Pelatihan-Penulisan-Artikel-Ilmiah-sebagai-Bekal-Mahasiswa-Program-Magister-dan-Doktor-FBE-UII.jpg<\/span>\n\t\t\t\t\t\t<span itemprop='height'>400<\/span>\n\t\t\t\t\t\t<span itemprop='width'>700<\/span>\n\t\t\t\t<\/span>\n\t\t\t\t<span class='av-structured-data'  itemprop=\"publisher\" itemtype=\"https:\/\/schema.org\/Organization\" itemscope=\"itemscope\" >\n\t\t\t\t\t\t<span itemprop='name'>Baziedy Aditya Darmawan<\/span>\n\t\t\t\t\t\t<span itemprop='logo' itemscope itemtype='https:\/\/schema.org\/ImageObject'>\n\t\t\t\t\t\t\t<span itemprop='url'>https:\/\/fecon.uii.ac.id\/pmd\/wp-content\/uploads\/sites\/4\/2025\/10\/logo-header.png<\/span>\n\t\t\t\t\t\t<\/span>\n\t\t\t\t<\/span><span class='av-structured-data'  itemprop=\"author\" itemscope=\"itemscope\" itemtype=\"https:\/\/schema.org\/Person\" ><span itemprop='name'>Baziedy Aditya Darmawan<\/span><\/span><span class='av-structured-data'  itemprop=\"datePublished\" datetime=\"2021-02-16T05:43:29+00:00\" >2021-02-16 05:43:29<\/span><span class='av-structured-data'  itemprop=\"dateModified\" itemtype=\"https:\/\/schema.org\/dateModified\" >2021-02-16 05:43:29<\/span><span class='av-structured-data'  itemprop=\"mainEntityOfPage\" itemtype=\"https:\/\/schema.org\/mainEntityOfPage\" ><span itemprop='name'>Pelatihan Penulisan Artikel Ilmiah sebagai Bekal Mahasiswa Program Magister dan Doktor FBE UII<\/span><\/span><\/span><\/article><div class='single-big'><nav class='pagination'><span class='pagination-meta'>Page 1 of 61<\/span><span class='current'>1<\/span><a href='https:\/\/fecon.uii.ac.id\/pmd\/wp-json\/wp\/v2\/pages\/1743\/page\/2\/' class='inactive next_page' >2<\/a><a href='https:\/\/fecon.uii.ac.id\/pmd\/wp-json\/wp\/v2\/pages\/1743\/page\/3\/' class='inactive' >3<\/a><a href='https:\/\/fecon.uii.ac.id\/pmd\/wp-json\/wp\/v2\/pages\/1743\/page\/2\/'>&rsaquo;<\/a><a href='https:\/\/fecon.uii.ac.id\/pmd\/wp-json\/wp\/v2\/pages\/1743\/page\/61\/'>&raquo;<\/a><\/nav>\n<\/div><\/div><\/div>\n","protected":false},"excerpt":{"rendered":"","protected":false},"author":13,"featured_media":0,"parent":0,"menu_order":0,"comment_status":"closed","ping_status":"closed","template":"","meta":{"_acf_changed":false,"footnotes":""},"class_list":["post-1743","page","type-page","status-publish","hentry"],"acf":[],"_links":{"self":[{"href":"https:\/\/fecon.uii.ac.id\/pmd\/wp-json\/wp\/v2\/pages\/1743","targetHints":{"allow":["GET"]}}],"collection":[{"href":"https:\/\/fecon.uii.ac.id\/pmd\/wp-json\/wp\/v2\/pages"}],"about":[{"href":"https:\/\/fecon.uii.ac.id\/pmd\/wp-json\/wp\/v2\/types\/page"}],"author":[{"embeddable":true,"href":"https:\/\/fecon.uii.ac.id\/pmd\/wp-json\/wp\/v2\/users\/13"}],"replies":[{"embeddable":true,"href":"https:\/\/fecon.uii.ac.id\/pmd\/wp-json\/wp\/v2\/comments?post=1743"}],"version-history":[{"count":2,"href":"https:\/\/fecon.uii.ac.id\/pmd\/wp-json\/wp\/v2\/pages\/1743\/revisions"}],"predecessor-version":[{"id":1745,"href":"https:\/\/fecon.uii.ac.id\/pmd\/wp-json\/wp\/v2\/pages\/1743\/revisions\/1745"}],"wp:attachment":[{"href":"https:\/\/fecon.uii.ac.id\/pmd\/wp-json\/wp\/v2\/media?parent=1743"}],"curies":[{"name":"wp","href":"https:\/\/api.w.org\/{rel}","templated":true}]}}